{"id":1227,"date":"2022-06-13T17:14:15","date_gmt":"2022-06-13T15:14:15","guid":{"rendered":"https:\/\/yodi-body.com\/?post_type=product&#038;p=1227"},"modified":"2022-07-05T15:37:35","modified_gmt":"2022-07-05T13:37:35","slug":"pochon-upcycle-double-impermeable","status":"publish","type":"product","link":"https:\/\/yodi-body.com\/en\/e-shop\/exclusivites\/beachwear\/pochon-upcycle-double-impermeable\/","title":{"rendered":"Pochon up&#8217;cycl\u00e9, doubl\u00e9 &#038; imperm\u00e9able"},"content":{"rendered":"<p class=\"qtranxs-available-languages-message qtranxs-available-languages-message-en\">Sorry, this entry is only available in <a href=\"https:\/\/yodi-body.com\/fr\/wp-json\/wp\/v2\/product\/1227\" class=\"qtranxs-available-language-link qtranxs-available-language-link-fr\" title=\"Fr\">Fr<\/a>.<\/p>","protected":false},"excerpt":{"rendered":"<p>Sorry, this entry is only available in Fr.<\/p>\n","protected":false},"featured_media":239,"comment_status":"open","ping_status":"closed","template":"","meta":[],"product_cat":[74],"product_tag":[81],"class_list":["post-1227","product","type-product","status-publish","has-post-thumbnail","hentry","product_cat-beachwear","product_tag-pochon-impermeable-double","product_shipping_class-livraison-offerte"],"_links":{"self":[{"href":"https:\/\/yodi-body.com\/en\/wp-json\/wp\/v2\/product\/1227","targetHints":{"allow":["GET"]}}],"collection":[{"href":"https:\/\/yodi-body.com\/en\/wp-json\/wp\/v2\/product"}],"about":[{"href":"https:\/\/yodi-body.com\/en\/wp-json\/wp\/v2\/types\/product"}],"replies":[{"embeddable":true,"href":"https:\/\/yodi-body.com\/en\/wp-json\/wp\/v2\/comments?post=1227"}],"wp:featuredmedia":[{"embeddable":true,"href":"https:\/\/yodi-body.com\/en\/wp-json\/wp\/v2\/media\/239"}],"wp:attachment":[{"href":"https:\/\/yodi-body.com\/en\/wp-json\/wp\/v2\/media?parent=1227"}],"wp:term":[{"taxonomy":"product_cat","embeddable":true,"href":"https:\/\/yodi-body.com\/en\/wp-json\/wp\/v2\/product_cat?post=1227"},{"taxonomy":"product_tag","embeddable":true,"href":"https:\/\/yodi-body.com\/en\/wp-json\/wp\/v2\/product_tag?post=1227"}],"curies":[{"name":"wp","href":"https:\/\/api.w.org\/{rel}","templated":true}]}}