{"id":2976,"date":"2024-10-31T12:16:40","date_gmt":"2024-10-31T11:16:40","guid":{"rendered":"https:\/\/yodi-body.com\/?post_type=product&#038;p=2976"},"modified":"2025-10-17T14:29:11","modified_gmt":"2025-10-17T12:29:11","slug":"cache-cou-2","status":"publish","type":"product","link":"https:\/\/yodi-body.com\/en\/e-shop\/exclusivites\/accessoires-dhiver\/cache-cou-2\/","title":{"rendered":"Snood"},"content":{"rendered":"<p>Pendant l\u2019hiver, dans latelier, je cr\u00e9e la nouvelle collection de maillot, mais aussi des accessoires sp\u00e9cial hiver pour cette saisonnalit\u00e9 !<\/p>\n<p>tous uniques, r\u00e9alis\u00e9s \u00e0 partir de tissus issus ;<\/p>\n<p>de stocks dormants,<\/p>\n<p>de fins de s\u00e9ries de maison de couture,<\/p>\n<p>de pi\u00e8ces vintage ou upcycl\u00e9s!<\/p>\n<p>A l\u2019arriv\u00e9e, des cache cou chauds, originaux et individuels made in Montreuil!<\/p>\n<p>A vous d\u2019adopter le votre !<\/p>\n<p>belle saison ! Fati<\/p>","protected":false},"excerpt":{"rendered":"<p>Pendant l\u2019hiver, dans latelier, je cr\u00e9e la nouvelle collection de maillot, mais aussi des accessoires sp\u00e9cial hiver pour cette saisonnalit\u00e9 ! tous uniques, r\u00e9alis\u00e9s \u00e0 partir de tissus issus ; de stocks dormants, de fins de s\u00e9ries de maison de couture, de pi\u00e8ces vintage ou upcycl\u00e9s! A l\u2019arriv\u00e9e, des cache cou chauds, originaux et individuels [&hellip;]<\/p>\n","protected":false},"featured_media":3364,"comment_status":"open","ping_status":"closed","template":"","meta":[],"product_cat":[83,105],"product_tag":[202,107,111,108,106],"class_list":["post-2976","product","type-product","status-publish","has-post-thumbnail","hentry","product_cat-exclusivites","product_cat-accessoires-dhiver","product_tag-cache-col","product_tag-cache-cou","product_tag-cachemire","product_tag-echarpe","product_tag-snood","modeles-snood-cache-cou","couleurs-multicolore"],"_links":{"self":[{"href":"https:\/\/yodi-body.com\/en\/wp-json\/wp\/v2\/product\/2976","targetHints":{"allow":["GET"]}}],"collection":[{"href":"https:\/\/yodi-body.com\/en\/wp-json\/wp\/v2\/product"}],"about":[{"href":"https:\/\/yodi-body.com\/en\/wp-json\/wp\/v2\/types\/product"}],"replies":[{"embeddable":true,"href":"https:\/\/yodi-body.com\/en\/wp-json\/wp\/v2\/comments?post=2976"}],"wp:featuredmedia":[{"embeddable":true,"href":"https:\/\/yodi-body.com\/en\/wp-json\/wp\/v2\/media\/3364"}],"wp:attachment":[{"href":"https:\/\/yodi-body.com\/en\/wp-json\/wp\/v2\/media?parent=2976"}],"wp:term":[{"taxonomy":"product_cat","embeddable":true,"href":"https:\/\/yodi-body.com\/en\/wp-json\/wp\/v2\/product_cat?post=2976"},{"taxonomy":"product_tag","embeddable":true,"href":"https:\/\/yodi-body.com\/en\/wp-json\/wp\/v2\/product_tag?post=2976"}],"curies":[{"name":"wp","href":"https:\/\/api.w.org\/{rel}","templated":true}]}}