{"id":3126,"date":"2025-04-01T19:46:30","date_gmt":"2025-04-01T17:46:30","guid":{"rendered":"https:\/\/yodi-body.com\/?post_type=product&#038;p=3126"},"modified":"2026-03-18T09:38:28","modified_gmt":"2026-03-18T08:38:28","slug":"scarletty-kandinsky25","status":"publish","type":"product","link":"https:\/\/yodi-body.com\/en\/e-shop\/babe\/maillots-de-bain-une-piece-babe\/scarletty-kandinsky25\/","title":{"rendered":"26 Scarletty Kandinsky"},"content":{"rendered":"<p>Nouveaut\u00e9 2026 : Scarletty en imprim\u00e9 abstrait multicolore o\u00f9 vous retrouverez les tonalit\u00e9s de nos unis Tangerine, V\u00e9ron\u00e8se, Encre, Blush ou Lemonade : votre 1-pi\u00e8ce ultra f\u00e9minin pour une mode fun &amp; d\u00e9complex\u00e9e, <em><strong>(vous pouvez essayer le mod\u00e8le en boutique, 20 rue Victor Hugo, Montreuil, m\u00e9tro mairie de Montreuil Ligne 9)<\/strong><\/em><\/p>\n<p>Fabriqu\u00e9 en nylon r\u00e9g\u00e9n\u00e9r\u00e9 (recycl\u00e9 gr\u00e2ce \u00e0 partir des d\u00e9chets plastiques r\u00e9cup\u00e9r\u00e9s en mer ou sur terre) avec \u00e9lasthanne pour un confort optimal, il est ultra souple et gainant, enti\u00e8rement doubl\u00e9.<\/p>\n<p>Un joli dos ouvert, des bretelles souples sont ses atouts et un jeu de fronces devant pour un galbe des poitrines de B \u00e0 D sans distinction ; Une ligne ultra f\u00e9minine avec un jeu de fronces et micro volant devant et petit anneau \u00e0 l&#8217;entre bonnet.<\/p>\n<p>Ce mod\u00e8le a \u00e9t\u00e9 fabriqu\u00e9 au Portugal &amp; en France en fonction des imprim\u00e9s\/couleurs<\/p>\n<p><strong>1 POCHON avec votre maillot &amp; livraison offerts !<\/strong><\/p>\n<p>Le mod\u00e8le port\u00e9 est une taille S<\/p>","protected":false},"excerpt":{"rendered":"<p>Nouveaut\u00e9 2026 : Scarletty en imprim\u00e9 abstrait multicolore o\u00f9 vous retrouverez les tonalit\u00e9s de nos unis Tangerine, V\u00e9ron\u00e8se, Encre, Blush ou Lemonade : votre 1-pi\u00e8ce ultra f\u00e9minin pour une mode fun &amp; d\u00e9complex\u00e9e, (vous pouvez essayer le mod\u00e8le en boutique, 20 rue Victor Hugo, Montreuil, m\u00e9tro mairie de Montreuil Ligne 9) Fabriqu\u00e9 en nylon r\u00e9g\u00e9n\u00e9r\u00e9 [&hellip;]<\/p>\n","protected":false},"featured_media":3232,"comment_status":"open","ping_status":"closed","template":"","meta":[],"product_cat":[18,25],"product_tag":[61],"class_list":["post-3126","product","type-product","status-publish","has-post-thumbnail","hentry","product_cat-babe","product_cat-maillots-de-bain-une-piece-babe","product_tag-maillots-de-bain-une-piece","modeles-scarletty-babe","couleurs-kandinsky25"],"_links":{"self":[{"href":"https:\/\/yodi-body.com\/en\/wp-json\/wp\/v2\/product\/3126","targetHints":{"allow":["GET"]}}],"collection":[{"href":"https:\/\/yodi-body.com\/en\/wp-json\/wp\/v2\/product"}],"about":[{"href":"https:\/\/yodi-body.com\/en\/wp-json\/wp\/v2\/types\/product"}],"replies":[{"embeddable":true,"href":"https:\/\/yodi-body.com\/en\/wp-json\/wp\/v2\/comments?post=3126"}],"wp:featuredmedia":[{"embeddable":true,"href":"https:\/\/yodi-body.com\/en\/wp-json\/wp\/v2\/media\/3232"}],"wp:attachment":[{"href":"https:\/\/yodi-body.com\/en\/wp-json\/wp\/v2\/media?parent=3126"}],"wp:term":[{"taxonomy":"product_cat","embeddable":true,"href":"https:\/\/yodi-body.com\/en\/wp-json\/wp\/v2\/product_cat?post=3126"},{"taxonomy":"product_tag","embeddable":true,"href":"https:\/\/yodi-body.com\/en\/wp-json\/wp\/v2\/product_tag?post=3126"}],"curies":[{"name":"wp","href":"https:\/\/api.w.org\/{rel}","templated":true}]}}