{"id":3167,"date":"2025-06-20T13:28:10","date_gmt":"2025-06-20T11:28:10","guid":{"rendered":"https:\/\/yodi-body.com\/?post_type=product&#038;p=3167"},"modified":"2025-08-09T05:29:54","modified_gmt":"2025-08-09T03:29:54","slug":"scarletty-gres","status":"publish","type":"product","link":"https:\/\/yodi-body.com\/en\/e-shop\/babe\/maillots-de-bain-une-piece-babe\/scarletty-gres\/","title":{"rendered":"Grey Scarletty"},"content":{"rendered":"<p>Scarletty en coloris Gris souris\u00a0 : votre 1-pi\u00e8ce ultra f\u00e9minin pour une mode fun &amp; d\u00e9complex\u00e9e, disponible dans la taille\u00a0 L uniquement &amp; en \u00e9dition tr\u00e8s limit\u00e9e.<\/p>\n<p>Fabriqu\u00e9 100% en ECONYL\u00ae\ufe0f nylon r\u00e9g\u00e9n\u00e9r\u00e9 (recycl\u00e9-recyclable), il est ultra souple et gainant, enti\u00e8rement doubl\u00e9.<\/p>\n<p>Un joli dos ouvert, des bretelles souples sont ses atouts et un jeu de plis devant pour un galbe des poitrines de B \u00e0 D sans distinction ; Une ligne ultra f\u00e9minine avec un jeu de fronces et micro volant devant et petit anneau \u00e0 l&#8217;entre bonnet.<\/p>\n<p>Cette ligne couleur a \u00e9t\u00e9 fabriqu\u00e9e pr\u00e8s de Lisbonne, dans l&#8217;atelier de Lourd\u00e8s.<\/p>\n<p><strong>1 POCHON avec votre maillot &amp; livraison offerts !<\/strong><\/p>\n<p>&nbsp;<\/p>","protected":false},"excerpt":{"rendered":"<p>Scarletty en coloris Gris souris\u00a0 : votre 1-pi\u00e8ce ultra f\u00e9minin pour une mode fun &amp; d\u00e9complex\u00e9e, disponible dans la taille\u00a0 L uniquement &amp; en \u00e9dition tr\u00e8s limit\u00e9e. Fabriqu\u00e9 100% en ECONYL\u00ae\ufe0f nylon r\u00e9g\u00e9n\u00e9r\u00e9 (recycl\u00e9-recyclable), il est ultra souple et gainant, enti\u00e8rement doubl\u00e9. Un joli dos ouvert, des bretelles souples sont ses atouts et un jeu [&hellip;]<\/p>\n","protected":false},"featured_media":3247,"comment_status":"open","ping_status":"closed","template":"","meta":[],"product_cat":[18,25],"product_tag":[61],"class_list":["post-3167","product","type-product","status-publish","has-post-thumbnail","hentry","product_cat-babe","product_cat-maillots-de-bain-une-piece-babe","product_tag-maillots-de-bain-une-piece","modeles-scarletty-babe"],"_links":{"self":[{"href":"https:\/\/yodi-body.com\/en\/wp-json\/wp\/v2\/product\/3167","targetHints":{"allow":["GET"]}}],"collection":[{"href":"https:\/\/yodi-body.com\/en\/wp-json\/wp\/v2\/product"}],"about":[{"href":"https:\/\/yodi-body.com\/en\/wp-json\/wp\/v2\/types\/product"}],"replies":[{"embeddable":true,"href":"https:\/\/yodi-body.com\/en\/wp-json\/wp\/v2\/comments?post=3167"}],"wp:featuredmedia":[{"embeddable":true,"href":"https:\/\/yodi-body.com\/en\/wp-json\/wp\/v2\/media\/3247"}],"wp:attachment":[{"href":"https:\/\/yodi-body.com\/en\/wp-json\/wp\/v2\/media?parent=3167"}],"wp:term":[{"taxonomy":"product_cat","embeddable":true,"href":"https:\/\/yodi-body.com\/en\/wp-json\/wp\/v2\/product_cat?post=3167"},{"taxonomy":"product_tag","embeddable":true,"href":"https:\/\/yodi-body.com\/en\/wp-json\/wp\/v2\/product_tag?post=3167"}],"curies":[{"name":"wp","href":"https:\/\/api.w.org\/{rel}","templated":true}]}}