{"id":3301,"date":"2025-09-22T22:46:36","date_gmt":"2025-09-22T20:46:36","guid":{"rendered":"https:\/\/yodi-body.com\/?post_type=product&#038;p=3301"},"modified":"2025-10-09T14:21:36","modified_gmt":"2025-10-09T12:21:36","slug":"banane-cuir-dentelle","status":"publish","type":"product","link":"https:\/\/yodi-body.com\/en\/e-shop\/exclusivites\/accessoires-dhiver\/banane-cuir-dentelle\/","title":{"rendered":"Leather lace banana bump bag"},"content":{"rendered":"<p>Pendant l\u2019hiver, dans latelier, je cr\u00e9e la nouvelle collection de maillot, mais aussi des accessoires sp\u00e9cial hiver pour cette saisonnalit\u00e9 !<\/p>\n<p>tous uniques, r\u00e9alis\u00e9s \u00e0 partir de tissus issus ;<\/p>\n<p>de stocks dormants,<\/p>\n<p>de fins de s\u00e9ries de maison de couture,<\/p>\n<p>de pi\u00e8ces vintage ou upcycl\u00e9s!<\/p>\n<p>&nbsp;<\/p>\n<p>toutes mes bananes sont faites main dans mon atelier et la livraison est offerte !<\/p>\n<p>made in Montreuil!<\/p>\n<p>A vous d\u2019adopter le votre !<\/p>\n<p>belle saison ! Fati<\/p>","protected":false},"excerpt":{"rendered":"<p>Pendant l\u2019hiver, dans latelier, je cr\u00e9e la nouvelle collection de maillot, mais aussi des accessoires sp\u00e9cial hiver pour cette saisonnalit\u00e9 ! tous uniques, r\u00e9alis\u00e9s \u00e0 partir de tissus issus ; de stocks dormants, de fins de s\u00e9ries de maison de couture, de pi\u00e8ces vintage ou upcycl\u00e9s! &nbsp; toutes mes bananes sont faites main dans mon [&hellip;]<\/p>\n","protected":false},"featured_media":3309,"comment_status":"open","ping_status":"closed","template":"","meta":[],"product_cat":[83,105],"product_tag":[220],"class_list":["post-3301","product","type-product","status-publish","has-post-thumbnail","hentry","product_cat-exclusivites","product_cat-accessoires-dhiver","product_tag-banane","modeles-baby-banane","couleurs-cafe","couleurs-gold","couleurs-marron-fonce"],"_links":{"self":[{"href":"https:\/\/yodi-body.com\/en\/wp-json\/wp\/v2\/product\/3301","targetHints":{"allow":["GET"]}}],"collection":[{"href":"https:\/\/yodi-body.com\/en\/wp-json\/wp\/v2\/product"}],"about":[{"href":"https:\/\/yodi-body.com\/en\/wp-json\/wp\/v2\/types\/product"}],"replies":[{"embeddable":true,"href":"https:\/\/yodi-body.com\/en\/wp-json\/wp\/v2\/comments?post=3301"}],"wp:featuredmedia":[{"embeddable":true,"href":"https:\/\/yodi-body.com\/en\/wp-json\/wp\/v2\/media\/3309"}],"wp:attachment":[{"href":"https:\/\/yodi-body.com\/en\/wp-json\/wp\/v2\/media?parent=3301"}],"wp:term":[{"taxonomy":"product_cat","embeddable":true,"href":"https:\/\/yodi-body.com\/en\/wp-json\/wp\/v2\/product_cat?post=3301"},{"taxonomy":"product_tag","embeddable":true,"href":"https:\/\/yodi-body.com\/en\/wp-json\/wp\/v2\/product_tag?post=3301"}],"curies":[{"name":"wp","href":"https:\/\/api.w.org\/{rel}","templated":true}]}}