{"id":3391,"date":"2025-11-11T11:13:40","date_gmt":"2025-11-11T10:13:40","guid":{"rendered":"https:\/\/yodi-body.com\/?post_type=product&#038;p=3391"},"modified":"2025-11-11T13:15:20","modified_gmt":"2025-11-11T12:15:20","slug":"banane-xxl-kimono","status":"publish","type":"product","link":"https:\/\/yodi-body.com\/en\/e-shop\/exclusivites\/accessoires-dhiver\/banane-xxl-kimono\/","title":{"rendered":"XXL bump banana bag"},"content":{"rendered":"<p>Pendant l\u2019hiver, dans l&#8217;atelier, je cr\u00e9e la nouvelle collection de maillot, mais aussi des accessoires sp\u00e9cial hiver pour cette saisonnalit\u00e9 !<\/p>\n<p>tous uniques, r\u00e9alis\u00e9s \u00e0 partir de tissus issus ;<\/p>\n<p>de stocks dormants,<\/p>\n<p>de coupons de maison de couture,<\/p>\n<p>de pi\u00e8ces vintage ou upcycl\u00e9s!<\/p>\n<p>&nbsp;<\/p>\n<p>toutes mes bananes sont faites main dans mon atelier \u00e0 Montreuil et la livraison est offerte !<\/p>\n<p>A vous d\u2019adopter le v\u00f4tre !<\/p>\n<p>belle saison ! Fati<\/p>","protected":false},"excerpt":{"rendered":"<p>Pendant l\u2019hiver, dans l&#8217;atelier, je cr\u00e9e la nouvelle collection de maillot, mais aussi des accessoires sp\u00e9cial hiver pour cette saisonnalit\u00e9 ! tous uniques, r\u00e9alis\u00e9s \u00e0 partir de tissus issus ; de stocks dormants, de coupons de maison de couture, de pi\u00e8ces vintage ou upcycl\u00e9s! &nbsp; toutes mes bananes sont faites main dans mon atelier \u00e0 [&hellip;]<\/p>\n","protected":false},"featured_media":3396,"comment_status":"open","ping_status":"closed","template":"","meta":[],"product_cat":[83,105],"product_tag":[220,224,225],"class_list":["post-3391","product","type-product","status-publish","has-post-thumbnail","hentry","product_cat-exclusivites","product_cat-accessoires-dhiver","product_tag-banane","product_tag-banane-xxl","product_tag-maxi-banane","modeles-banane-xxl","couleurs-beige","couleurs-black","couleurs-blanc","couleurs-bleu-azur","couleurs-bleu-canard","couleurs-bleu-clair","couleurs-bleu-vert-canard","couleurs-ecru","couleurs-fuschia","couleurs-noir","couleurs-turquoise"],"_links":{"self":[{"href":"https:\/\/yodi-body.com\/en\/wp-json\/wp\/v2\/product\/3391","targetHints":{"allow":["GET"]}}],"collection":[{"href":"https:\/\/yodi-body.com\/en\/wp-json\/wp\/v2\/product"}],"about":[{"href":"https:\/\/yodi-body.com\/en\/wp-json\/wp\/v2\/types\/product"}],"replies":[{"embeddable":true,"href":"https:\/\/yodi-body.com\/en\/wp-json\/wp\/v2\/comments?post=3391"}],"wp:featuredmedia":[{"embeddable":true,"href":"https:\/\/yodi-body.com\/en\/wp-json\/wp\/v2\/media\/3396"}],"wp:attachment":[{"href":"https:\/\/yodi-body.com\/en\/wp-json\/wp\/v2\/media?parent=3391"}],"wp:term":[{"taxonomy":"product_cat","embeddable":true,"href":"https:\/\/yodi-body.com\/en\/wp-json\/wp\/v2\/product_cat?post=3391"},{"taxonomy":"product_tag","embeddable":true,"href":"https:\/\/yodi-body.com\/en\/wp-json\/wp\/v2\/product_tag?post=3391"}],"curies":[{"name":"wp","href":"https:\/\/api.w.org\/{rel}","templated":true}]}}