{"id":810,"date":"2022-04-21T21:09:41","date_gmt":"2022-04-21T19:09:41","guid":{"rendered":"https:\/\/yodi-body.com\/?post_type=product&#038;p=810"},"modified":"2024-04-17T05:07:13","modified_gmt":"2024-04-17T03:07:13","slug":"toni-lagon-tribal","status":"publish","type":"product","link":"https:\/\/yodi-body.com\/en\/e-shop\/babe\/maillots-de-bain-deux-pieces-babe\/toni-lagon-tribal\/","title":{"rendered":"Toni \u00e9chancr\u00e9e, r\u00e9versible Lagon\/Tribal"},"content":{"rendered":"<p class=\"qtranxs-available-languages-message qtranxs-available-languages-message-en\">Sorry, this entry is only available in <a href=\"https:\/\/yodi-body.com\/fr\/wp-json\/wp\/v2\/product\/810\" class=\"qtranxs-available-language-link qtranxs-available-language-link-fr\" title=\"Fr\">Fr<\/a>.<\/p>","protected":false},"excerpt":{"rendered":"<p>Sorry, this entry is only available in Fr.<\/p>\n","protected":false},"featured_media":1024,"comment_status":"open","ping_status":"closed","template":"","meta":[],"product_cat":[18,27,30],"product_tag":[63,62],"class_list":["post-810","product","type-product","status-publish","has-post-thumbnail","hentry","product_cat-babe","product_cat-maillots-de-bain-deux-pieces-babe","product_cat-bas-de-maillot-de-bain-babe","product_tag-bas-de-maillot-de-bain","product_tag-maillots-de-bain-deux-pieces","modeles-toni-babe"],"_links":{"self":[{"href":"https:\/\/yodi-body.com\/en\/wp-json\/wp\/v2\/product\/810","targetHints":{"allow":["GET"]}}],"collection":[{"href":"https:\/\/yodi-body.com\/en\/wp-json\/wp\/v2\/product"}],"about":[{"href":"https:\/\/yodi-body.com\/en\/wp-json\/wp\/v2\/types\/product"}],"replies":[{"embeddable":true,"href":"https:\/\/yodi-body.com\/en\/wp-json\/wp\/v2\/comments?post=810"}],"wp:featuredmedia":[{"embeddable":true,"href":"https:\/\/yodi-body.com\/en\/wp-json\/wp\/v2\/media\/1024"}],"wp:attachment":[{"href":"https:\/\/yodi-body.com\/en\/wp-json\/wp\/v2\/media?parent=810"}],"wp:term":[{"taxonomy":"product_cat","embeddable":true,"href":"https:\/\/yodi-body.com\/en\/wp-json\/wp\/v2\/product_cat?post=810"},{"taxonomy":"product_tag","embeddable":true,"href":"https:\/\/yodi-body.com\/en\/wp-json\/wp\/v2\/product_tag?post=810"}],"curies":[{"name":"wp","href":"https:\/\/api.w.org\/{rel}","templated":true}]}}