{"id":952,"date":"2022-05-23T13:05:46","date_gmt":"2022-05-23T11:05:46","guid":{"rendered":"https:\/\/yodi-body.com\/?post_type=product&#038;p=952"},"modified":"2023-03-30T23:25:49","modified_gmt":"2023-03-30T21:25:49","slug":"amy-encre-lipstick","status":"publish","type":"product","link":"https:\/\/yodi-body.com\/en\/e-shop\/girl\/maillots-de-bain-deux-pieces\/amy-encre-lipstick\/","title":{"rendered":"Amy culotte-jupe \u00e9chancr\u00e9e, r\u00e9versible Encre\/Lipstick"},"content":{"rendered":"<p class=\"qtranxs-available-languages-message qtranxs-available-languages-message-en\">Sorry, this entry is only available in <a href=\"https:\/\/yodi-body.com\/fr\/wp-json\/wp\/v2\/product\/952\" class=\"qtranxs-available-language-link qtranxs-available-language-link-fr\" title=\"Fr\">Fr<\/a>.<\/p>","protected":false},"excerpt":{"rendered":"<p>Sorry, this entry is only available in Fr.<\/p>\n","protected":false},"featured_media":960,"comment_status":"open","ping_status":"closed","template":"","meta":[],"product_cat":[23,26,29],"product_tag":[63,62],"class_list":["post-952","product","type-product","status-publish","has-post-thumbnail","hentry","product_cat-girl","product_cat-maillots-de-bain-deux-pieces","product_cat-bas-de-maillot-de-bain","product_tag-bas-de-maillot-de-bain","product_tag-maillots-de-bain-deux-pieces","modeles-amy-girl"],"_links":{"self":[{"href":"https:\/\/yodi-body.com\/en\/wp-json\/wp\/v2\/product\/952","targetHints":{"allow":["GET"]}}],"collection":[{"href":"https:\/\/yodi-body.com\/en\/wp-json\/wp\/v2\/product"}],"about":[{"href":"https:\/\/yodi-body.com\/en\/wp-json\/wp\/v2\/types\/product"}],"replies":[{"embeddable":true,"href":"https:\/\/yodi-body.com\/en\/wp-json\/wp\/v2\/comments?post=952"}],"wp:featuredmedia":[{"embeddable":true,"href":"https:\/\/yodi-body.com\/en\/wp-json\/wp\/v2\/media\/960"}],"wp:attachment":[{"href":"https:\/\/yodi-body.com\/en\/wp-json\/wp\/v2\/media?parent=952"}],"wp:term":[{"taxonomy":"product_cat","embeddable":true,"href":"https:\/\/yodi-body.com\/en\/wp-json\/wp\/v2\/product_cat?post=952"},{"taxonomy":"product_tag","embeddable":true,"href":"https:\/\/yodi-body.com\/en\/wp-json\/wp\/v2\/product_tag?post=952"}],"curies":[{"name":"wp","href":"https:\/\/api.w.org\/{rel}","templated":true}]}}